{"id":573,"date":"2014-05-15T16:33:52","date_gmt":"2014-05-15T16:33:52","guid":{"rendered":"http:\/\/b3eb612.ngrok.com\/wordpress\/elvyre\/?page_id=573"},"modified":"2024-01-03T19:58:14","modified_gmt":"2024-01-03T19:58:14","slug":"contact","status":"publish","type":"page","link":"https:\/\/mnf.adv.br\/?page_id=573","title":{"rendered":"Fale Conosco"},"content":{"rendered":"<section class='page-content' style=''  ><section class='container'><div class='row' style=''><div class='col-md-12 ' style=''><div class='cma-wysiwyg-editor'><p><iframe style=\"border: 0;\" src=\"https:\/\/www.google.com\/maps\/embed?pb=!1m18!1m12!1m3!1d3839.2506754615315!2d-47.88786692497925!3d-15.790730822864669!2m3!1f0!2f0!3f0!3m2!1i1024!2i768!4f13.1!3m3!1m2!1s0x935a3ae324bca801%3A0xd25f66edb806a610!2sMendes%20e%20Nagib%20Advogados!5e0!3m2!1spt-BR!2sbr!4v1697480096456!5m2!1spt-BR!2sbr\" width=\"1140\" height=\"400\" allowfullscreen=\"allowfullscreen\"><\/iframe><\/p><\/div><\/div><\/div><div class='row' style=''><div class='col-md-6 ' style=''><section class='heading-bordered'>\r\n                    <h3>Nosso Contato<\/h3>\r\n                <\/section><div class='cma-wysiwyg-editor'><p>Nossa equipe de profissionais est\u00e1 aqui para voc\u00ea, ent\u00e3o por favor n\u00e3o hesite em contactar-nos se voc\u00ea tiver quaisquer perguntas, problemas ou talvez sugest\u00e3o. Gostar\u00edamos muito de ouvir de voc\u00ea.<\/p><p>Voc\u00ea pode alcan\u00e7ar-nos no endere\u00e7o de e-mail, preencha o formul\u00e1rio \u00e0 direita, ou encontrar-se conosco em pessoa em nosso endere\u00e7o abaixo:<\/p><p><strong>Endere\u00e7o:<\/strong> SHIS QL 24 Conjunto 6 Casa 11 Lago Sul - Bras\u00edlia-DF CEP: 71665-065<br \/><strong>Fone:<\/strong> (61) 3033-1007<\/p><br \/><\/div><\/div><div class='col-md-6 ' style=''><section class='heading-bordered'>\r\n                    <h3>Envie-nos uma mensagem<\/h3>\r\n                <\/section><div class='cma-wysiwyg-editor'><div class=\"wpcf7 no-js\" id=\"wpcf7-f617-o1\" lang=\"en-US\" dir=\"ltr\">\n<div class=\"screen-reader-response\"><p role=\"status\" aria-live=\"polite\" aria-atomic=\"true\"><\/p> <ul><\/ul><\/div>\n<form action=\"\/index.php?rest_route=%2Fwp%2Fv2%2Fpages%2F573#wpcf7-f617-o1\" method=\"post\" class=\"wpcf7-form init\" aria-label=\"Contact form\" novalidate=\"novalidate\" data-status=\"init\">\n<div style=\"display: none;\">\n<input type=\"hidden\" name=\"_wpcf7\" value=\"617\" \/>\n<input type=\"hidden\" name=\"_wpcf7_version\" value=\"5.7.7\" \/>\n<input type=\"hidden\" name=\"_wpcf7_locale\" value=\"en_US\" \/>\n<input type=\"hidden\" name=\"_wpcf7_unit_tag\" value=\"wpcf7-f617-o1\" \/>\n<input type=\"hidden\" name=\"_wpcf7_container_post\" value=\"0\" \/>\n<input type=\"hidden\" name=\"_wpcf7_posted_data_hash\" value=\"\" \/>\n<\/div>\n<fieldset>\n\t<p><label>Nome: * <\/label><br \/>\n<span class=\"wpcf7-form-control-wrap\" data-name=\"your-name\"><input size=\"40\" class=\"wpcf7-form-control wpcf7-text wpcf7-validates-as-required\" aria-required=\"true\" aria-invalid=\"false\" value=\"\" type=\"text\" name=\"your-name\" \/><\/span>\n\t<\/p>\n<\/fieldset>\n<fieldset>\n\t<p><label>Email: *<\/label><br \/>\n<span class=\"wpcf7-form-control-wrap\" data-name=\"your-email\"><input size=\"40\" class=\"wpcf7-form-control wpcf7-text wpcf7-email wpcf7-validates-as-required wpcf7-validates-as-email\" aria-required=\"true\" aria-invalid=\"false\" value=\"\" type=\"email\" name=\"your-email\" \/><\/span>\n\t<\/p>\n<\/fieldset>\n<p><label>Assunto: *<\/label><br \/>\n<span class=\"wpcf7-form-control-wrap\" data-name=\"your-subject\"><input size=\"40\" class=\"wpcf7-form-control wpcf7-text wpcf7-validates-as-required\" aria-required=\"true\" aria-invalid=\"false\" value=\"\" type=\"text\" name=\"your-subject\" \/><\/span><br \/>\n<\/p>\n<fieldset>\n\t<p><label>Mensagem: *<\/label><br \/>\n<span class=\"wpcf7-form-control-wrap\" data-name=\"your-message\"><textarea cols=\"40\" rows=\"10\" class=\"wpcf7-form-control wpcf7-textarea\" aria-invalid=\"false\" name=\"your-message\"><\/textarea><\/span>\n\t<\/p>\n<\/fieldset>\n<p><input class=\"wpcf7-form-control has-spinner wpcf7-submit\" type=\"submit\" value=\"Enviar\" \/>\n<\/p><div class=\"wpcf7-response-output\" aria-hidden=\"true\"><\/div>\n<\/form>\n<\/div><\/div><\/div><\/div><\/section><\/section>\n","protected":false},"excerpt":{"rendered":"Nosso Contato Nossa equipe de profissionais est\u00e1 aqui para voc\u00ea, ent\u00e3o por favor n\u00e3o hesite em contactar-nos se voc\u00ea tiver quaisquer perguntas, problemas ou talvez sugest\u00e3o. Gostar\u00edamos muito de ouvir de voc\u00ea.Voc\u00ea pode alcan\u00e7ar-nos no endere\u00e7o de e-mail, preencha o [...]","protected":false},"author":1,"featured_media":0,"parent":0,"menu_order":0,"comment_status":"closed","ping_status":"open","template":"","meta":{"footnotes":""},"_links":{"self":[{"href":"https:\/\/mnf.adv.br\/index.php?rest_route=\/wp\/v2\/pages\/573"}],"collection":[{"href":"https:\/\/mnf.adv.br\/index.php?rest_route=\/wp\/v2\/pages"}],"about":[{"href":"https:\/\/mnf.adv.br\/index.php?rest_route=\/wp\/v2\/types\/page"}],"author":[{"embeddable":true,"href":"https:\/\/mnf.adv.br\/index.php?rest_route=\/wp\/v2\/users\/1"}],"replies":[{"embeddable":true,"href":"https:\/\/mnf.adv.br\/index.php?rest_route=%2Fwp%2Fv2%2Fcomments&post=573"}],"version-history":[{"count":6,"href":"https:\/\/mnf.adv.br\/index.php?rest_route=\/wp\/v2\/pages\/573\/revisions"}],"predecessor-version":[{"id":1503,"href":"https:\/\/mnf.adv.br\/index.php?rest_route=\/wp\/v2\/pages\/573\/revisions\/1503"}],"wp:attachment":[{"href":"https:\/\/mnf.adv.br\/index.php?rest_route=%2Fwp%2Fv2%2Fmedia&parent=573"}],"curies":[{"name":"wp","href":"https:\/\/api.w.org\/{rel}","templated":true}]}}