{"id":377,"date":"2014-05-09T08:43:14","date_gmt":"2014-05-09T08:43:14","guid":{"rendered":"http:\/\/b3eb612.ngrok.com\/wordpress\/elvyre\/?page_id=377"},"modified":"2024-07-31T13:28:10","modified_gmt":"2024-07-31T13:28:10","slug":"our-services","status":"publish","type":"page","link":"https:\/\/mnf.adv.br\/?page_id=377","title":{"rendered":"S\u00f3cios"},"content":{"rendered":"<p>[vc_row][vc_column width=&#8221;1\/4&#8243;][vc_single_image image=&#8221;1534&#8243; img_size=&#8221;170&#215;170&#8243; alignment=&#8221;center&#8221;][\/vc_column][vc_column width=&#8221;3\/4&#8243;][vc_column_text]<span style=\"font-size: 14pt;\">Romulo Martins Nagib<\/span><br \/>\nAdvogado com atua\u00e7\u00e3o preponderante nos Tribunais Superiores, especializado em Direito do Trabalho e Direito Processual Civil. Graduado em 2002 pela Universidade de Bras\u00edlia \u2013 UnB. Possui grande experi\u00eancia de atua\u00e7\u00e3o no Supremo Tribunal Federal, Superior Tribunal de Justi\u00e7a e Tribunal Superior do Trabalho, em especial elabora\u00e7\u00e3o de recursos, despacho de memoriais e sustenta\u00e7\u00e3o oral. P\u00f3s-graduado em Direito Material e Processual do Trabalho pela Universidade Presbiteriana Mackenzie, p\u00f3s-graduado em Direito Processual Civil pelo Centro Universit\u00e1rio de Bras\u00edlia \u2013 UniCeub. Presidente da Comiss\u00e3o de Direito Ambiental e Sustentabilidade da OAB\/DF nos tri\u00eanios 2019-2021\u00a0e\u00a02022-2024.[\/vc_column_text][\/vc_column][\/vc_row][vc_row][vc_column width=&#8221;1\/4&#8243;][vc_single_image image=&#8221;1535&#8243; img_size=&#8221;170&#215;170&#8243; alignment=&#8221;center&#8221;][\/vc_column][vc_column width=&#8221;3\/4&#8243;][vc_column_text]<span style=\"font-size: 14pt;\"><br \/>\nLuis Gustavo Orrigo Ferreira Mendes<\/span><br \/>\nAdvogado militante com \u00eanfase nos Tribunais Superiores.Formado em 2006 pelo Centro Universit\u00e1rio de V\u00e1rzea Grande \u2013 MT, sempre atuando na \u00e1rea c\u00edvel, administrativa e eleitoral. P\u00f3s-graduado em Direito Tribut\u00e1rio, pela Escola Superior de Direito \u2013 Esud, em Cuiab\u00e1. Atuou no Tribunal Superior Eleitoral (TSE), como assessor do Ministro Marcelo Ribeiro, no per\u00edodo de 15\/04\/2008 at\u00e9 15\/04\/2009. Posteriormente, trabalhou por dois anos na Advocacia-Geral da Uni\u00e3o.[\/vc_column_text][\/vc_column][\/vc_row][vc_row][vc_column width=&#8221;1\/4&#8243;][vc_single_image image=&#8221;1520&#8243; img_size=&#8221;170&#8243; alignment=&#8221;center&#8221;][\/vc_column][vc_column width=&#8221;3\/4&#8243;][vc_column_text]<span style=\"font-size: 14pt;\"><br \/>\nMarielle Orrigo Ferreira Mendes<\/span><br \/>\nAdvogada militante com \u00eanfase nos Tribunais Superiores. Formada em 2006 pelo Centro Universit\u00e1rio de V\u00e1rzea Grande \u2013 MT, sempre atuando na \u00e1rea c\u00edvel, com \u00eanfase em contratos, responsabilidade civil, fam\u00edlia e sucess\u00f5es. Al\u00e9m da milit\u00e2ncia, atuou no Poder Legislativo Federal, como servidora, na Comiss\u00e3o de Fiscaliza\u00e7\u00e3o Financeira e Controle da C\u00e2mara dos Deputados, analisando proposi\u00e7\u00f5es de fiscaliza\u00e7\u00e3o, participando de reuni\u00f5es de audi\u00eancias p\u00fablicas relacionadas ao tema.<br \/>\nP\u00f3s-graduada em Direito Processual Civil, pela Universidade Anhanguera-Uniderp, em conv\u00eanio com a rede de ensino Luiz Fl\u00e1vio Gomes \u2013 LFG.[\/vc_column_text][\/vc_column][\/vc_row][vc_row][vc_column width=&#8221;1\/4&#8243;][vc_single_image image=&#8221;1521&#8243; img_size=&#8221;180&#8243; alignment=&#8221;center&#8221;][\/vc_column][vc_column width=&#8221;3\/4&#8243;][vc_column_text]&nbsp;<\/p>\n<p><span style=\"font-size: 14pt;\">Luciano Fel\u00edcio Fuck<\/span><br \/>\nDoutor em Direito Tribut\u00e1rio pela Faculdade de Direito da Universidade de S\u00e3o Paulo (USP), Mestre em Direito (LL. M. Eur.) pela Ludwig-Maximilians-Universit\u00e4t de Munique (LMU) e Bacharel em Direito pela Universidade de Bras\u00edlia (UnB). Ex-Secret\u00e1rio-Geral da Presid\u00eancia do Supremo Tribunal Federal (STF) e Tribunal Superior Eleitoral (TSE). Professor no Instituto Brasiliense de Direito P\u00fablico (IDP).[\/vc_column_text][\/vc_column][\/vc_row]<\/p>\n","protected":false},"excerpt":{"rendered":"<p>[vc_row][vc_column width=&#8221;1\/4&#8243;][vc_single_image image=&#8221;1534&#8243; img_size=&#8221;170&#215;170&#8243; alignment=&#8221;center&#8221;][\/vc_column][vc_column width=&#8221;3\/4&#8243;][vc_column_text]Romulo Martins Nagib Advogado com atua\u00e7\u00e3o preponderante nos Tribunais Superiores, especializado em Direito do Trabalho e Direito Processual Civil. Graduado em 2002 pela Universidade de Bras\u00edlia \u2013 UnB. Possui grande experi\u00eancia de atua\u00e7\u00e3o no Supremo [&hellip;]<\/p>\n","protected":false},"author":1,"featured_media":0,"parent":0,"menu_order":0,"comment_status":"closed","ping_status":"open","template":"","meta":{"footnotes":""},"_links":{"self":[{"href":"https:\/\/mnf.adv.br\/index.php?rest_route=\/wp\/v2\/pages\/377"}],"collection":[{"href":"https:\/\/mnf.adv.br\/index.php?rest_route=\/wp\/v2\/pages"}],"about":[{"href":"https:\/\/mnf.adv.br\/index.php?rest_route=\/wp\/v2\/types\/page"}],"author":[{"embeddable":true,"href":"https:\/\/mnf.adv.br\/index.php?rest_route=\/wp\/v2\/users\/1"}],"replies":[{"embeddable":true,"href":"https:\/\/mnf.adv.br\/index.php?rest_route=%2Fwp%2Fv2%2Fcomments&post=377"}],"version-history":[{"count":52,"href":"https:\/\/mnf.adv.br\/index.php?rest_route=\/wp\/v2\/pages\/377\/revisions"}],"predecessor-version":[{"id":1540,"href":"https:\/\/mnf.adv.br\/index.php?rest_route=\/wp\/v2\/pages\/377\/revisions\/1540"}],"wp:attachment":[{"href":"https:\/\/mnf.adv.br\/index.php?rest_route=%2Fwp%2Fv2%2Fmedia&parent=377"}],"curies":[{"name":"wp","href":"https:\/\/api.w.org\/{rel}","templated":true}]}}